{"id":576,"date":"2025-12-27T13:03:57","date_gmt":"2025-12-27T12:03:57","guid":{"rendered":"https:\/\/swansea-informatica.es\/?page_id=576"},"modified":"2025-12-28T11:33:26","modified_gmt":"2025-12-28T10:33:26","slug":"trabaja-con-nosotros","status":"publish","type":"page","link":"https:\/\/swansea-informatica.es\/index.php\/trabaja-con-nosotros\/","title":{"rendered":"Trabaja con nosotros"},"content":{"rendered":"\n<p><\/p>\n\n\n\n<div class=\"wp-block-uagb-advanced-heading uagb-block-7d4c7451\"><h2 class=\"uagb-heading-text\">Consultor Senior SAP SD IS-Retail<\/h2><\/div>\n\n\n\n<ul class=\"wp-block-list\">\n<li>Al menos 4 a\u00f1os en proyectos de implantaci\u00f3n del \u00e1rea de Retail de SAP en el m\u00f3dulo indicado anteriormente (SD).<\/li>\n\n\n\n<li>Conocimientos de otros m\u00f3dulos relacionados de la parte log\u00edstica (MM, PP, QM, PM, WM, etc.) y de sus integraciones, as\u00ed como conocimientos en los m\u00f3dulos financieros (FI, CO, etc.).&nbsp;<\/li>\n\n\n\n<li>Conocimientos b\u00e1sicos de programaci\u00f3n ABAP (debugging).<\/li>\n\n\n\n<li>Ser capaz de comunicarte en ingl\u00e9s para tener reuniones de trabajo y leer y escribir correos y documentaci\u00f3n.<\/li>\n\n\n\n<li>Remoto con viajes puntuales a las instalaciones del cliente<\/li>\n\n\n\n<li>Posibilidad de trabajar como freelance o en plantilla<\/li>\n<\/ul>\n\n\n\n<figure class=\"wp-block-image size-medium\"><img loading=\"lazy\" decoding=\"async\" width=\"300\" height=\"200\" src=\"https:\/\/swansea-informatica.es\/wp-content\/uploads\/2025\/12\/SAP-SD-IS-RETAIL-300x200.png\" alt=\"\" class=\"wp-image-568\" srcset=\"https:\/\/swansea-informatica.es\/wp-content\/uploads\/2025\/12\/SAP-SD-IS-RETAIL-300x200.png 300w, https:\/\/swansea-informatica.es\/wp-content\/uploads\/2025\/12\/SAP-SD-IS-RETAIL-1024x683.png 1024w, https:\/\/swansea-informatica.es\/wp-content\/uploads\/2025\/12\/SAP-SD-IS-RETAIL-768x512.png 768w, https:\/\/swansea-informatica.es\/wp-content\/uploads\/2025\/12\/SAP-SD-IS-RETAIL.png 1536w\" sizes=\"auto, (max-width: 300px) 100vw, 300px\" \/><\/figure>\n\n\n\n<div class=\"wp-block-uagb-call-to-action uagb-block-19607102 wp-block-button\"><div class=\"uagb-cta__wrap\"><h3 class=\"uagb-cta__title\">Inscr\u00edbete<\/h3><\/div><div class=\"uagb-cta__buttons\"><a href=\"mailto:info@swansea-informatica.es\" class=\"uagb-cta__button-link-wrapper wp-block-button__link\" target=\"_self\" rel=\"noopener noreferrer\"><svg xmlns=\"https:\/\/www.w3.org\/2000\/svg\" viewBox=\"0 0 512 512\"><path d=\"M464 64C490.5 64 512 85.49 512 112C512 127.1 504.9 141.3 492.8 150.4L275.2 313.6C263.8 322.1 248.2 322.1 236.8 313.6L19.2 150.4C7.113 141.3 0 127.1 0 112C0 85.49 21.49 64 48 64H464zM217.6 339.2C240.4 356.3 271.6 356.3 294.4 339.2L512 176V384C512 419.3 483.3 448 448 448H64C28.65 448 0 419.3 0 384V176L217.6 339.2z\"><\/path><\/svg>M\u00e1ndanos tu CV<\/a><\/div><\/div>\n\n\n\n<div class=\"wp-block-uagb-separator uagb-block-d8019f19\"><div class=\"uagb-separator-spacing-wrapper\"><div class=\"wp-block-uagb-separator__inner\" style=\"--my-background-image:\"><\/div><\/div><\/div>\n\n\n\n<div class=\"wp-block-uagb-advanced-heading uagb-block-f265f18a\"><h2 class=\"uagb-heading-text\">Consultor Senior SAP mm IS-Retail<\/h2><\/div>\n\n\n\n<ul class=\"wp-block-list\">\n<li>Al menos 4 a\u00f1os en proyectos de implantaci\u00f3n del \u00e1rea de Retail de SAP en el m\u00f3dulo indicado anteriormente (MM).<\/li>\n\n\n\n<li>Conocimientos de otros m\u00f3dulos relacionados de la parte log\u00edstica (SD, PP, QM, PM, WM, etc.) y de sus integraciones, as\u00ed como conocimientos en los m\u00f3dulos financieros (FI, CO, etc.).&nbsp;<\/li>\n\n\n\n<li>Conocimientos b\u00e1sicos de programaci\u00f3n ABAP (debugging).<\/li>\n\n\n\n<li>Ser capaz de comunicarte en ingl\u00e9s para tener reuniones de trabajo y leer y escribir correos y documentaci\u00f3n.<\/li>\n\n\n\n<li>Remoto con viajes puntuales al cliente<\/li>\n\n\n\n<li>Posibilidad de trabajar como freelance o en plantilla<\/li>\n<\/ul>\n\n\n\n<figure class=\"wp-block-image size-medium\"><img loading=\"lazy\" decoding=\"async\" width=\"300\" height=\"200\" src=\"https:\/\/swansea-informatica.es\/wp-content\/uploads\/2025\/12\/SAP-SD-MM-RETAIL-300x200.png\" alt=\"\" class=\"wp-image-567\" srcset=\"https:\/\/swansea-informatica.es\/wp-content\/uploads\/2025\/12\/SAP-SD-MM-RETAIL-300x200.png 300w, https:\/\/swansea-informatica.es\/wp-content\/uploads\/2025\/12\/SAP-SD-MM-RETAIL-1024x683.png 1024w, https:\/\/swansea-informatica.es\/wp-content\/uploads\/2025\/12\/SAP-SD-MM-RETAIL-768x512.png 768w, https:\/\/swansea-informatica.es\/wp-content\/uploads\/2025\/12\/SAP-SD-MM-RETAIL.png 1536w\" sizes=\"auto, (max-width: 300px) 100vw, 300px\" \/><\/figure>\n\n\n\n<div class=\"wp-block-uagb-call-to-action uagb-block-dd533dd2 wp-block-button\"><div class=\"uagb-cta__wrap\"><h3 class=\"uagb-cta__title\">Inscr\u00edbete<\/h3><\/div><div class=\"uagb-cta__buttons\"><a href=\"mailto:info@swansea-informatica.es\" class=\"uagb-cta__button-link-wrapper wp-block-button__link\" target=\"_self\" rel=\"noopener noreferrer\"><svg xmlns=\"https:\/\/www.w3.org\/2000\/svg\" viewBox=\"0 0 512 512\"><path d=\"M464 64C490.5 64 512 85.49 512 112C512 127.1 504.9 141.3 492.8 150.4L275.2 313.6C263.8 322.1 248.2 322.1 236.8 313.6L19.2 150.4C7.113 141.3 0 127.1 0 112C0 85.49 21.49 64 48 64H464zM217.6 339.2C240.4 356.3 271.6 356.3 294.4 339.2L512 176V384C512 419.3 483.3 448 448 448H64C28.65 448 0 419.3 0 384V176L217.6 339.2z\"><\/path><\/svg>M\u00e1ndanos tu CV<\/a><\/div><\/div>\n\n\n\n<p>  <\/p>\n\n\n\n<p><\/p>\n","protected":false},"excerpt":{"rendered":"<p>Consultor Senior SAP SD IS-Retail Consultor Senior SAP mm IS-Retail<\/p>\n","protected":false},"author":1,"featured_media":0,"parent":0,"menu_order":0,"comment_status":"closed","ping_status":"closed","template":"","meta":{"_uag_custom_page_level_css":"","site-sidebar-layout":"default","site-content-layout":"","ast-site-content-layout":"default","site-content-style":"default","site-sidebar-style":"default","ast-global-header-display":"","ast-banner-title-visibility":"","ast-main-header-display":"","ast-hfb-above-header-display":"","ast-hfb-below-header-display":"","ast-hfb-mobile-header-display":"","site-post-title":"","ast-breadcrumbs-content":"","ast-featured-img":"","footer-sml-layout":"","ast-disable-related-posts":"","theme-transparent-header-meta":"","adv-header-id-meta":"","stick-header-meta":"","header-above-stick-meta":"","header-main-stick-meta":"","header-below-stick-meta":"","astra-migrate-meta-layouts":"set","ast-page-background-enabled":"default","ast-page-background-meta":{"desktop":{"background-color":"","background-image":"","background-repeat":"repeat","background-position":"center center","background-size":"auto","background-attachment":"scroll","background-type":"","background-media":"","overlay-type":"","overlay-color":"","overlay-opacity":"","overlay-gradient":""},"tablet":{"background-color":"","background-image":"","background-repeat":"repeat","background-position":"center center","background-size":"auto","background-attachment":"scroll","background-type":"","background-media":"","overlay-type":"","overlay-color":"","overlay-opacity":"","overlay-gradient":""},"mobile":{"background-color":"","background-image":"","background-repeat":"repeat","background-position":"center center","background-size":"auto","background-attachment":"scroll","background-type":"","background-media":"","overlay-type":"","overlay-color":"","overlay-opacity":"","overlay-gradient":""}},"ast-content-background-meta":{"desktop":{"background-color":"var(--ast-global-color-5)","background-image":"","background-repeat":"repeat","background-position":"center center","background-size":"auto","background-attachment":"scroll","background-type":"","background-media":"","overlay-type":"","overlay-color":"","overlay-opacity":"","overlay-gradient":""},"tablet":{"background-color":"var(--ast-global-color-5)","background-image":"","background-repeat":"repeat","background-position":"center center","background-size":"auto","background-attachment":"scroll","background-type":"","background-media":"","overlay-type":"","overlay-color":"","overlay-opacity":"","overlay-gradient":""},"mobile":{"background-color":"var(--ast-global-color-5)","background-image":"","background-repeat":"repeat","background-position":"center center","background-size":"auto","background-attachment":"scroll","background-type":"","background-media":"","overlay-type":"","overlay-color":"","overlay-opacity":"","overlay-gradient":""}},"footnotes":""},"class_list":["post-576","page","type-page","status-publish","hentry"],"uagb_featured_image_src":{"full":false,"thumbnail":false,"medium":false,"medium_large":false,"large":false,"1536x1536":false,"2048x2048":false},"uagb_author_info":{"display_name":"javier.garcia.somolinos","author_link":"https:\/\/swansea-informatica.es\/index.php\/author\/javier-garcia-somolinos\/"},"uagb_comment_info":0,"uagb_excerpt":"Consultor Senior SAP SD IS-Retail Consultor Senior SAP mm IS-Retail","_links":{"self":[{"href":"https:\/\/swansea-informatica.es\/index.php\/wp-json\/wp\/v2\/pages\/576","targetHints":{"allow":["GET"]}}],"collection":[{"href":"https:\/\/swansea-informatica.es\/index.php\/wp-json\/wp\/v2\/pages"}],"about":[{"href":"https:\/\/swansea-informatica.es\/index.php\/wp-json\/wp\/v2\/types\/page"}],"author":[{"embeddable":true,"href":"https:\/\/swansea-informatica.es\/index.php\/wp-json\/wp\/v2\/users\/1"}],"replies":[{"embeddable":true,"href":"https:\/\/swansea-informatica.es\/index.php\/wp-json\/wp\/v2\/comments?post=576"}],"version-history":[{"count":6,"href":"https:\/\/swansea-informatica.es\/index.php\/wp-json\/wp\/v2\/pages\/576\/revisions"}],"predecessor-version":[{"id":600,"href":"https:\/\/swansea-informatica.es\/index.php\/wp-json\/wp\/v2\/pages\/576\/revisions\/600"}],"wp:attachment":[{"href":"https:\/\/swansea-informatica.es\/index.php\/wp-json\/wp\/v2\/media?parent=576"}],"curies":[{"name":"wp","href":"https:\/\/api.w.org\/{rel}","templated":true}]}}