{"id":586,"date":"2025-12-28T11:20:45","date_gmt":"2025-12-28T10:20:45","guid":{"rendered":"https:\/\/swansea-informatica.es\/?page_id=586"},"modified":"2025-12-28T12:29:28","modified_gmt":"2025-12-28T11:29:28","slug":"quienes-somos","status":"publish","type":"page","link":"https:\/\/swansea-informatica.es\/index.php\/quienes-somos\/","title":{"rendered":"QUIENES SOMOS"},"content":{"rendered":"\n<div class=\"wp-block-uagb-advanced-heading uagb-block-594f46b8\"><h2 class=\"uagb-heading-text\">Experiencia Senior con Valores de Consultor<\/h2><\/div>\n\n\n\n<p>Soy <a href=\"https:\/\/www.linkedin.com\/in\/javier-garcia-somolinos\/\" data-type=\"link\" data-id=\"https:\/\/www.linkedin.com\/in\/javier-garcia-somolinos\/\">Javier Garc\u00eda Somolinos<\/a>, fundador de la empresa Swansea Inform\u00e1tica y Comunicaciones. Ingeniero inform\u00e1tico con m\u00e1s de 30 a\u00f1os trabajando en IT, he trabajado con ERPs como Baan, Odoo, y especialmente con SAP. En 2015 mont\u00e9 Swansea que naci\u00f3 con una idea sencilla pero poco com\u00fan en este sector: <strong>tratar a los dem\u00e1s como nos gustar\u00eda que nos tratasen a nosotros.<\/strong> Soy director de la empresa y sigo trabajando de consultor.<\/p>\n\n\n\n<p>Miembro de <a href=\"https:\/\/www.acisap.org\/\">ACISAP<\/a><\/p>\n\n\n\n<h3 class=\"wp-block-heading\"><strong>Un equipo flexible y multidisciplinar<\/strong><\/h3>\n\n\n\n<p>Para dar respuesta a retos de distinta naturaleza, en Swansea no trabajamos con estructuras r\u00edgidas. Contamos con una <strong>red de colaboradores <strong>expertos<\/strong>  freelance o en plantilla <\/strong>que seleccionamos minuciosamente seg\u00fan las necesidades de cada proyecto. Esta agilidad nos permite formar equipos a medida \u2014ya sea para una migraci\u00f3n compleja, una consultor\u00eda de procesos o un despliegue de infraestructura\u2014 garantizando siempre la m\u00e1xima seniority y un trato directo sin intermediarios.<\/p>\n\n\n\n<p><\/p>\n\n\n\n<p>En enero del 2025 se public\u00f3 el libro en el que participe: <a href=\"https:\/\/www.amazon.es\/Maestro-materiales-SAP-4HANA-pr%C3%A1ctica\/dp\/3960123779\/ref=sr_1_1?__mk_es_ES=%C3%85M%C3%85%C5%BD%C3%95%C3%91&amp;crid=JYZ6SZKGI2F7&amp;dib=eyJ2IjoiMSJ9.dj0Z_zJsHnmkBWLt-bZIOA.gmR1KhZyzrbaUdfbn_llDEX01220ypVMo5LTmag3OqE&amp;dib_tag=se&amp;keywords=MAESTRO+DE+MATERIALES+SAP&amp;qid=1766916284&amp;sprefix=maestro+de+materiales+sa%2Caps%2C239&amp;sr=8-1&amp;ufe=app_do%3Aamzn1.fos.fde3827e-5b32-4544-acac-9bcf8407a6a6\" data-type=\"link\" data-id=\"https:\/\/www.amazon.es\/Maestro-materiales-SAP-4HANA-pr%C3%A1ctica\/dp\/3960123779\/ref=sr_1_1?__mk_es_ES=%C3%85M%C3%85%C5%BD%C3%95%C3%91&amp;crid=JYZ6SZKGI2F7&amp;dib=eyJ2IjoiMSJ9.dj0Z_zJsHnmkBWLt-bZIOA.gmR1KhZyzrbaUdfbn_llDEX01220ypVMo5LTmag3OqE&amp;dib_tag=se&amp;keywords=MAESTRO+DE+MATERIALES+SAP&amp;qid=1766916284&amp;sprefix=maestro+de+materiales+sa%2Caps%2C239&amp;sr=8-1&amp;ufe=app_do%3Aamzn1.fos.fde3827e-5b32-4544-acac-9bcf8407a6a6\">Maestro de materiales de SAP en SAP S\/4HANA &#8211; Gu\u00eda pr\u00e1ctica<\/a><\/p>\n\n\n\n<figure class=\"wp-block-image size-full\"><img loading=\"lazy\" decoding=\"async\" width=\"311\" height=\"466\" src=\"http:\/\/swansea-informatica.es\/wp-content\/uploads\/2025\/12\/MAESTRO-DE-MATERIALES.jpg\" alt=\"\" class=\"wp-image-596\" srcset=\"https:\/\/swansea-informatica.es\/wp-content\/uploads\/2025\/12\/MAESTRO-DE-MATERIALES.jpg 311w, https:\/\/swansea-informatica.es\/wp-content\/uploads\/2025\/12\/MAESTRO-DE-MATERIALES-200x300.jpg 200w\" sizes=\"auto, (max-width: 311px) 100vw, 311px\" \/><\/figure>\n\n\n\n<p><\/p>\n","protected":false},"excerpt":{"rendered":"<p>Experiencia Senior con Valores de Consultor Soy Javier Garc\u00eda Somolinos, fundador de la empresa Swansea Inform\u00e1tica y Comunicaciones. Ingeniero inform\u00e1tico con m\u00e1s de 30 a\u00f1os trabajando en IT, he trabajado con ERPs como Baan, Odoo, y especialmente con SAP. En 2015 mont\u00e9 Swansea que naci\u00f3 con una idea sencilla pero poco com\u00fan en este sector: [&hellip;]<\/p>\n","protected":false},"author":1,"featured_media":0,"parent":0,"menu_order":0,"comment_status":"closed","ping_status":"closed","template":"","meta":{"_uag_custom_page_level_css":"","site-sidebar-layout":"default","site-content-layout":"","ast-site-content-layout":"default","site-content-style":"default","site-sidebar-style":"default","ast-global-header-display":"","ast-banner-title-visibility":"","ast-main-header-display":"","ast-hfb-above-header-display":"","ast-hfb-below-header-display":"","ast-hfb-mobile-header-display":"","site-post-title":"","ast-breadcrumbs-content":"","ast-featured-img":"","footer-sml-layout":"","ast-disable-related-posts":"","theme-transparent-header-meta":"","adv-header-id-meta":"","stick-header-meta":"","header-above-stick-meta":"","header-main-stick-meta":"","header-below-stick-meta":"","astra-migrate-meta-layouts":"set","ast-page-background-enabled":"default","ast-page-background-meta":{"desktop":{"background-color":"","background-image":"","background-repeat":"repeat","background-position":"center center","background-size":"auto","background-attachment":"scroll","background-type":"","background-media":"","overlay-type":"","overlay-color":"","overlay-opacity":"","overlay-gradient":""},"tablet":{"background-color":"","background-image":"","background-repeat":"repeat","background-position":"center center","background-size":"auto","background-attachment":"scroll","background-type":"","background-media":"","overlay-type":"","overlay-color":"","overlay-opacity":"","overlay-gradient":""},"mobile":{"background-color":"","background-image":"","background-repeat":"repeat","background-position":"center center","background-size":"auto","background-attachment":"scroll","background-type":"","background-media":"","overlay-type":"","overlay-color":"","overlay-opacity":"","overlay-gradient":""}},"ast-content-background-meta":{"desktop":{"background-color":"var(--ast-global-color-5)","background-image":"","background-repeat":"repeat","background-position":"center center","background-size":"auto","background-attachment":"scroll","background-type":"","background-media":"","overlay-type":"","overlay-color":"","overlay-opacity":"","overlay-gradient":""},"tablet":{"background-color":"var(--ast-global-color-5)","background-image":"","background-repeat":"repeat","background-position":"center center","background-size":"auto","background-attachment":"scroll","background-type":"","background-media":"","overlay-type":"","overlay-color":"","overlay-opacity":"","overlay-gradient":""},"mobile":{"background-color":"var(--ast-global-color-5)","background-image":"","background-repeat":"repeat","background-position":"center center","background-size":"auto","background-attachment":"scroll","background-type":"","background-media":"","overlay-type":"","overlay-color":"","overlay-opacity":"","overlay-gradient":""}},"footnotes":""},"class_list":["post-586","page","type-page","status-publish","hentry"],"uagb_featured_image_src":{"full":false,"thumbnail":false,"medium":false,"medium_large":false,"large":false,"1536x1536":false,"2048x2048":false},"uagb_author_info":{"display_name":"javier.garcia.somolinos","author_link":"https:\/\/swansea-informatica.es\/index.php\/author\/javier-garcia-somolinos\/"},"uagb_comment_info":0,"uagb_excerpt":"Experiencia Senior con Valores de Consultor Soy Javier Garc\u00eda Somolinos, fundador de la empresa Swansea Inform\u00e1tica y Comunicaciones. Ingeniero inform\u00e1tico con m\u00e1s de 30 a\u00f1os trabajando en IT, he trabajado con ERPs como Baan, Odoo, y especialmente con SAP. En 2015 mont\u00e9 Swansea que naci\u00f3 con una idea sencilla pero poco com\u00fan en este sector:&hellip;","_links":{"self":[{"href":"https:\/\/swansea-informatica.es\/index.php\/wp-json\/wp\/v2\/pages\/586","targetHints":{"allow":["GET"]}}],"collection":[{"href":"https:\/\/swansea-informatica.es\/index.php\/wp-json\/wp\/v2\/pages"}],"about":[{"href":"https:\/\/swansea-informatica.es\/index.php\/wp-json\/wp\/v2\/types\/page"}],"author":[{"embeddable":true,"href":"https:\/\/swansea-informatica.es\/index.php\/wp-json\/wp\/v2\/users\/1"}],"replies":[{"embeddable":true,"href":"https:\/\/swansea-informatica.es\/index.php\/wp-json\/wp\/v2\/comments?post=586"}],"version-history":[{"count":4,"href":"https:\/\/swansea-informatica.es\/index.php\/wp-json\/wp\/v2\/pages\/586\/revisions"}],"predecessor-version":[{"id":597,"href":"https:\/\/swansea-informatica.es\/index.php\/wp-json\/wp\/v2\/pages\/586\/revisions\/597"}],"wp:attachment":[{"href":"https:\/\/swansea-informatica.es\/index.php\/wp-json\/wp\/v2\/media?parent=586"}],"curies":[{"name":"wp","href":"https:\/\/api.w.org\/{rel}","templated":true}]}}